{"id":3697,"date":"2021-07-05T08:40:17","date_gmt":"2021-07-05T08:40:17","guid":{"rendered":"https:\/\/apmerit.apps.web-crossing.com\/product\/ap-merit-seal-kit-viton-epdm\/"},"modified":"2021-10-08T06:11:28","modified_gmt":"2021-10-08T06:11:28","slug":"ap-merit-seal-kit-viton-epdm","status":"publish","type":"product","link":"https:\/\/www.ap-merit.com\/en\/product\/ap-merit-seal-kit-viton-epdm\/","title":{"rendered":"AP-Merit Seal kit VITON \/ EPDM"},"content":{"rendered":"<p>Replacement seals for AP-Merit pressure pump atomizers red and black.<\/p>\n<table border=\"0\" frame=\"VOID\" rules=\"NONE\" cellspacing=\"0\">\n<colgroup>\n<col width=\"51\" \/>\n<col width=\"auto\" \/>\n<col width=\"51\" \/><\/colgroup>\n<tbody>\n<tr>\n<td align=\"RIGHT\" valign=\"TOP\" width=\"51\" height=\"17\"><span style=\"color: #000000;\">75755<\/span><\/td>\n<td align=\"LEFT\" valign=\"TOP\" width=\"auto\"><span style=\"color: #000000;\">f\u00fcr Druckpumpzerst\u00e4uber rot<\/span><\/td>\n<td align=\"LEFT\" valign=\"TOP\" width=\"50\"><span style=\"color: #000000;\">VE 1<\/span><\/td>\n<\/tr>\n<tr>\n<td align=\"RIGHT\" valign=\"TOP\" height=\"17\"><span style=\"color: #000000;\">75756<\/span><\/td>\n<td align=\"LEFT\" valign=\"TOP\"><span style=\"color: #000000;\">f\u00fcr Druckpumpzerst\u00e4uber schwarz<\/span><\/td>\n<td align=\"LEFT\" valign=\"TOP\"><span style=\"color: #000000;\">VE 1<\/span><\/td>\n<\/tr>\n<\/tbody>\n<\/table>\n","protected":false},"excerpt":{"rendered":"<p>Replacement seals for AP-Merit pressure pump atomizers red and black. 75755 f\u00fcr Druckpumpzerst\u00e4uber rot VE 1 75756 f\u00fcr Druckpumpzerst\u00e4uber schwarz&#8230;<\/p>\n","protected":false},"featured_media":1386,"template":"","meta":[],"product_brand":[],"product_cat":[181],"product_tag":[],"class_list":{"0":"post-3697","1":"product","2":"type-product","3":"status-publish","4":"has-post-thumbnail","6":"product_cat-cleaning","8":"first","9":"instock","10":"shipping-taxable","11":"product-type-simple"},"_links":{"self":[{"href":"https:\/\/www.ap-merit.com\/en\/wp-json\/wp\/v2\/product\/3697","targetHints":{"allow":["GET"]}}],"collection":[{"href":"https:\/\/www.ap-merit.com\/en\/wp-json\/wp\/v2\/product"}],"about":[{"href":"https:\/\/www.ap-merit.com\/en\/wp-json\/wp\/v2\/types\/product"}],"wp:featuredmedia":[{"embeddable":true,"href":"https:\/\/www.ap-merit.com\/en\/wp-json\/wp\/v2\/media\/1386"}],"wp:attachment":[{"href":"https:\/\/www.ap-merit.com\/en\/wp-json\/wp\/v2\/media?parent=3697"}],"wp:term":[{"taxonomy":"product_brand","embeddable":true,"href":"https:\/\/www.ap-merit.com\/en\/wp-json\/wp\/v2\/product_brand?post=3697"},{"taxonomy":"product_cat","embeddable":true,"href":"https:\/\/www.ap-merit.com\/en\/wp-json\/wp\/v2\/product_cat?post=3697"},{"taxonomy":"product_tag","embeddable":true,"href":"https:\/\/www.ap-merit.com\/en\/wp-json\/wp\/v2\/product_tag?post=3697"}],"curies":[{"name":"wp","href":"https:\/\/api.w.org\/{rel}","templated":true}]}}